{"id":101,"date":"2017-08-05T08:31:07","date_gmt":"2017-08-05T08:31:07","guid":{"rendered":"http:\/\/ravistheme.com\/colosseum\/wp\/dark\/?page_id=101"},"modified":"2024-05-09T12:28:44","modified_gmt":"2024-05-09T12:28:44","slug":"contact-us","status":"publish","type":"page","link":"https:\/\/uus.pivarootsimois.ee\/?page_id=101","title":{"rendered":"Contact Us"},"content":{"rendered":"<p>\r\n\t\t\t\t<section id=\"contact-section\">\r\n\t\t\t\t<div class=\"inner-container container\">\r\n\t\t\t\t\t<div class=\"t-sec\">\r\n\t\t\t\t\t\t<div class=\"content\">\r\n\t\t\t\t\t\t<div class=\"ravis-title-t-2\">\r\n\t\t\t\t\t\t\t<div class=\"title\"><span>Contact<\/span><\/div>\r\n\t\t\t\t\t\t\t<div class=\"sub-title\"><\/div>\r\n\t\t\t\t\t\t<\/div>\r\n\t\t\t\t\t\t\t\r\n\t\t\t\t\t\t<\/div>\r\n\t\t\t\t\t\t<div class=\"contact-info\">\r\n\t\t\t\t\t\t\t\t\t<div class=\"contact-inf-box\">\r\n\t\t\t\t\t\t\t\t\t\t<div class=\"icon-box\">\r\n\t\t\t\t\t\t\t\t\t\t\t<i class=\"fa fa-home\"><\/i>\r\n\t\t\t\t\t\t\t\t\t\t<\/div>\r\n\t\t\t\t\t\t\t\t\t\t<div class=\"text\">Pivarootsi k\u00fcla, L\u00e4\u00e4nemaa, Eesti<\/div>\r\n\t\t\t\t\t\t\t\t\t<\/div>\r\n\t\t\t\t\t\t\t\t\t\t<div class=\"contact-inf-box\">\r\n\t\t\t\t\t\t\t\t\t\t\t<div class=\"icon-box\">\r\n\t\t\t\t\t\t\t\t\t\t\t\t<i class=\"fa fa-envelope\"><\/i>\r\n\t\t\t\t\t\t\t\t\t\t\t<\/div>\r\n\t\t\t\t\t\t\t\t\t\t\t<div class=\"text\">pivarootsimois@hiteh.ee<\/div>\r\n\t\t\t\t\t\t\t\t\t\t<\/div>\r\n\t\t\t\t\t\t\t\t\t<div class=\"contact-inf-box\">\r\n\t\t\t\t\t\t\t\t\t\t<div class=\"icon-box\">\r\n\t\t\t\t\t\t\t\t\t\t\t<i class=\"fa fa-phone\"><\/i>\r\n\t\t\t\t\t\t\t\t\t\t<\/div>\r\n\t\t\t\t\t\t\t\t\t\t<div class=\"text\">(+372) 50 92 050<\/div>\r\n\t\t\t\t\t\t\t\t\t<\/div>\r\n\t\t\t\t\t\t<\/div>\r\n\t\t\t\t\t<\/div>\r\n\t\t\t\t\t<div class=\"b-sec clearfix\">\r\n\t\t\t\t\t\t<div class=\"contact-form col-md-6\"><div role=\"form\" class=\"wpcf7\" id=\"wpcf7-f5-o2\" lang=\"en-US\" dir=\"ltr\">\n<div class=\"screen-reader-response\" role=\"alert\" aria-live=\"polite\"><\/div>\n<form action=\"\/index.php?rest_route=%2Fwp%2Fv2%2Fpages%2F101#wpcf7-f5-o2\" method=\"post\" class=\"wpcf7-form init\" novalidate=\"novalidate\">\n<div style=\"display: none;\">\n<input type=\"hidden\" name=\"_wpcf7\" value=\"5\" \/>\n<input type=\"hidden\" name=\"_wpcf7_version\" value=\"5.2\" \/>\n<input type=\"hidden\" name=\"_wpcf7_locale\" value=\"en_US\" \/>\n<input type=\"hidden\" name=\"_wpcf7_unit_tag\" value=\"wpcf7-f5-o2\" \/>\n<input type=\"hidden\" name=\"_wpcf7_container_post\" value=\"0\" \/>\n<input type=\"hidden\" name=\"_wpcf7_posted_data_hash\" value=\"\" \/>\n<\/div>\n<p><label> Name<br \/>\n    <span class=\"wpcf7-form-control-wrap your-name\"><input type=\"text\" name=\"your-name\" value=\"\" size=\"40\" class=\"wpcf7-form-control wpcf7-text wpcf7-validates-as-required\" aria-required=\"true\" aria-invalid=\"false\" \/><\/span> <\/label><\/p>\n<p><label> Email<br \/>\n    <span class=\"wpcf7-form-control-wrap your-email\"><input type=\"email\" name=\"your-email\" value=\"\" size=\"40\" class=\"wpcf7-form-control wpcf7-text wpcf7-email wpcf7-validates-as-required wpcf7-validates-as-email\" aria-required=\"true\" aria-invalid=\"false\" \/><\/span> <\/label><\/p>\n<p><label> Subject<br \/>\n    <span class=\"wpcf7-form-control-wrap your-subject\"><input type=\"text\" name=\"your-subject\" value=\"\" size=\"40\" class=\"wpcf7-form-control wpcf7-text\" aria-invalid=\"false\" \/><\/span> <\/label><\/p>\n<p><label> Message<br \/>\n    <span class=\"wpcf7-form-control-wrap your-message\"><textarea name=\"your-message\" cols=\"40\" rows=\"10\" class=\"wpcf7-form-control wpcf7-textarea\" aria-invalid=\"false\"><\/textarea><\/span> <\/label><\/p>\n<p><input type=\"submit\" value=\"Send\" class=\"wpcf7-form-control wpcf7-submit\" \/><\/p>\n<div class=\"wpcf7-response-output\" role=\"alert\" aria-hidden=\"true\"><\/div><\/form><\/div>\r\n\t\t\t\t\t\t<\/div>\r\n\t\t\t\t\t\t<div id=\"google-map\" class=\"col-md-6\"><\/div>\r\n\t\t\t\t\t<\/div>\r\n\t\t\t\t<\/div>\r\n\t\t\t<\/section><\/p>","protected":false},"excerpt":{"rendered":"","protected":false},"author":1,"featured_media":0,"parent":0,"menu_order":0,"comment_status":"closed","ping_status":"closed","template":"","meta":{"footnotes":""},"class_list":["post-101","page","type-page","status-publish","hentry"],"_links":{"self":[{"href":"https:\/\/uus.pivarootsimois.ee\/index.php?rest_route=\/wp\/v2\/pages\/101","targetHints":{"allow":["GET"]}}],"collection":[{"href":"https:\/\/uus.pivarootsimois.ee\/index.php?rest_route=\/wp\/v2\/pages"}],"about":[{"href":"https:\/\/uus.pivarootsimois.ee\/index.php?rest_route=\/wp\/v2\/types\/page"}],"author":[{"embeddable":true,"href":"https:\/\/uus.pivarootsimois.ee\/index.php?rest_route=\/wp\/v2\/users\/1"}],"replies":[{"embeddable":true,"href":"https:\/\/uus.pivarootsimois.ee\/index.php?rest_route=%2Fwp%2Fv2%2Fcomments&post=101"}],"version-history":[{"count":10,"href":"https:\/\/uus.pivarootsimois.ee\/index.php?rest_route=\/wp\/v2\/pages\/101\/revisions"}],"predecessor-version":[{"id":448,"href":"https:\/\/uus.pivarootsimois.ee\/index.php?rest_route=\/wp\/v2\/pages\/101\/revisions\/448"}],"wp:attachment":[{"href":"https:\/\/uus.pivarootsimois.ee\/index.php?rest_route=%2Fwp%2Fv2%2Fmedia&parent=101"}],"curies":[{"name":"wp","href":"https:\/\/api.w.org\/{rel}","templated":true}]}}